{"id":1923,"date":"2026-04-14T12:20:11","date_gmt":"2026-04-14T09:20:11","guid":{"rendered":"https:\/\/www.kihaus.fi\/perjantai-10-7-2026\/"},"modified":"2026-05-04T11:19:21","modified_gmt":"2026-05-04T08:19:21","slug":"friday-10-7-2026","status":"publish","type":"page","link":"https:\/\/www.kihaus.fi\/en\/friday-10-7-2026\/","title":{"rendered":"Friday 10.7.2026"},"content":{"rendered":"","protected":false},"excerpt":{"rendered":"","protected":false},"author":1,"featured_media":0,"parent":0,"menu_order":0,"comment_status":"closed","ping_status":"closed","template":"page-templates\/lander.php","meta":{"footnotes":""},"class_list":["post-1923","page","type-page","status-publish","hentry"],"yoast_head":"<!-- This site is optimized with the Yoast SEO plugin v27.5 - https:\/\/yoast.com\/product\/yoast-seo-wordpress\/ -->\n<title>Friday 10.7.2026 - Kihaus Folk Festival 2026<\/title>\n<meta name=\"robots\" content=\"index, follow, max-snippet:-1, max-image-preview:large, max-video-preview:-1\" \/>\n<link rel=\"canonical\" href=\"https:\/\/www.kihaus.fi\/en\/friday-10-7-2026\/\" \/>\n<meta property=\"og:locale\" content=\"en_US\" \/>\n<meta property=\"og:type\" content=\"article\" \/>\n<meta property=\"og:title\" content=\"Friday 10.7.2026 - Kihaus Folk Festival 2026\" \/>\n<meta property=\"og:url\" content=\"https:\/\/www.kihaus.fi\/en\/friday-10-7-2026\/\" \/>\n<meta property=\"og:site_name\" content=\"Kihaus Folk Festival 2026\" \/>\n<meta property=\"article:publisher\" content=\"https:\/\/fi-fi.facebook.com\/KihausFolk\/\" \/>\n<meta property=\"article:modified_time\" content=\"2026-05-04T08:19:21+00:00\" \/>\n<meta property=\"og:image\" content=\"https:\/\/www.kihaus.fi\/wpc\/uploads\/2025\/04\/Some-FB-1200x630px.png\" \/>\n\t<meta property=\"og:image:width\" content=\"1200\" \/>\n\t<meta property=\"og:image:height\" content=\"630\" \/>\n\t<meta property=\"og:image:type\" content=\"image\/png\" \/>\n<meta name=\"twitter:card\" content=\"summary_large_image\" \/>\n<script type=\"application\/ld+json\" class=\"yoast-schema-graph\">{\"@context\":\"https:\\\/\\\/schema.org\",\"@graph\":[{\"@type\":\"WebPage\",\"@id\":\"https:\\\/\\\/www.kihaus.fi\\\/en\\\/friday-10-7-2026\\\/\",\"url\":\"https:\\\/\\\/www.kihaus.fi\\\/en\\\/friday-10-7-2026\\\/\",\"name\":\"Friday 10.7.2026 - Kihaus Folk Festival 2026\",\"isPartOf\":{\"@id\":\"https:\\\/\\\/www.kihaus.fi\\\/en\\\/#website\"},\"datePublished\":\"2026-04-14T09:20:11+00:00\",\"dateModified\":\"2026-05-04T08:19:21+00:00\",\"breadcrumb\":{\"@id\":\"https:\\\/\\\/www.kihaus.fi\\\/en\\\/friday-10-7-2026\\\/#breadcrumb\"},\"inLanguage\":\"en-US\",\"potentialAction\":[{\"@type\":\"ReadAction\",\"target\":[\"https:\\\/\\\/www.kihaus.fi\\\/en\\\/friday-10-7-2026\\\/\"]}]},{\"@type\":\"BreadcrumbList\",\"@id\":\"https:\\\/\\\/www.kihaus.fi\\\/en\\\/friday-10-7-2026\\\/#breadcrumb\",\"itemListElement\":[{\"@type\":\"ListItem\",\"position\":1,\"name\":\"Home\",\"item\":\"https:\\\/\\\/www.kihaus.fi\\\/en\\\/\"},{\"@type\":\"ListItem\",\"position\":2,\"name\":\"Friday 10.7.2026\"}]},{\"@type\":\"WebSite\",\"@id\":\"https:\\\/\\\/www.kihaus.fi\\\/en\\\/#website\",\"url\":\"https:\\\/\\\/www.kihaus.fi\\\/en\\\/\",\"name\":\"Kihaus Folk Festival 2026\",\"description\":\"R\u00e4\u00e4kkyl\u00e4ss\u00e4 10.\u201311.7.2026\",\"publisher\":{\"@id\":\"https:\\\/\\\/www.kihaus.fi\\\/en\\\/#organization\"},\"alternateName\":\"R\u00e4\u00e4kkyl\u00e4 Folk ry\",\"potentialAction\":[{\"@type\":\"SearchAction\",\"target\":{\"@type\":\"EntryPoint\",\"urlTemplate\":\"https:\\\/\\\/www.kihaus.fi\\\/en\\\/?s={search_term_string}\"},\"query-input\":{\"@type\":\"PropertyValueSpecification\",\"valueRequired\":true,\"valueName\":\"search_term_string\"}}],\"inLanguage\":\"en-US\"},{\"@type\":\"Organization\",\"@id\":\"https:\\\/\\\/www.kihaus.fi\\\/en\\\/#organization\",\"name\":\"Kihaus\",\"alternateName\":\"R\u00e4\u00e4kkyl\u00e4 Folk ry\",\"url\":\"https:\\\/\\\/www.kihaus.fi\\\/en\\\/\",\"logo\":{\"@type\":\"ImageObject\",\"inLanguage\":\"en-US\",\"@id\":\"https:\\\/\\\/www.kihaus.fi\\\/en\\\/#\\\/schema\\\/logo\\\/image\\\/\",\"url\":\"https:\\\/\\\/www.kihaus.fi\\\/wpc\\\/uploads\\\/2025\\\/04\\\/logo-kihaus-1200px.png\",\"contentUrl\":\"https:\\\/\\\/www.kihaus.fi\\\/wpc\\\/uploads\\\/2025\\\/04\\\/logo-kihaus-1200px.png\",\"width\":1200,\"height\":1200,\"caption\":\"Kihaus\"},\"image\":{\"@id\":\"https:\\\/\\\/www.kihaus.fi\\\/en\\\/#\\\/schema\\\/logo\\\/image\\\/\"},\"sameAs\":[\"https:\\\/\\\/fi-fi.facebook.com\\\/KihausFolk\\\/\",\"https:\\\/\\\/www.youtube.com\\\/@kihausfolk2741#\",\"https:\\\/\\\/www.instagram.com\\\/kihausfolk\\\/?hl=fi\"]}]}<\/script>\n<!-- \/ Yoast SEO plugin. -->","yoast_head_json":{"title":"Friday 10.7.2026 - Kihaus Folk Festival 2026","robots":{"index":"index","follow":"follow","max-snippet":"max-snippet:-1","max-image-preview":"max-image-preview:large","max-video-preview":"max-video-preview:-1"},"canonical":"https:\/\/www.kihaus.fi\/en\/friday-10-7-2026\/","og_locale":"en_US","og_type":"article","og_title":"Friday 10.7.2026 - Kihaus Folk Festival 2026","og_url":"https:\/\/www.kihaus.fi\/en\/friday-10-7-2026\/","og_site_name":"Kihaus Folk Festival 2026","article_publisher":"https:\/\/fi-fi.facebook.com\/KihausFolk\/","article_modified_time":"2026-05-04T08:19:21+00:00","og_image":[{"width":1200,"height":630,"url":"https:\/\/www.kihaus.fi\/wpc\/uploads\/2025\/04\/Some-FB-1200x630px.png","type":"image\/png"}],"twitter_card":"summary_large_image","schema":{"@context":"https:\/\/schema.org","@graph":[{"@type":"WebPage","@id":"https:\/\/www.kihaus.fi\/en\/friday-10-7-2026\/","url":"https:\/\/www.kihaus.fi\/en\/friday-10-7-2026\/","name":"Friday 10.7.2026 - Kihaus Folk Festival 2026","isPartOf":{"@id":"https:\/\/www.kihaus.fi\/en\/#website"},"datePublished":"2026-04-14T09:20:11+00:00","dateModified":"2026-05-04T08:19:21+00:00","breadcrumb":{"@id":"https:\/\/www.kihaus.fi\/en\/friday-10-7-2026\/#breadcrumb"},"inLanguage":"en-US","potentialAction":[{"@type":"ReadAction","target":["https:\/\/www.kihaus.fi\/en\/friday-10-7-2026\/"]}]},{"@type":"BreadcrumbList","@id":"https:\/\/www.kihaus.fi\/en\/friday-10-7-2026\/#breadcrumb","itemListElement":[{"@type":"ListItem","position":1,"name":"Home","item":"https:\/\/www.kihaus.fi\/en\/"},{"@type":"ListItem","position":2,"name":"Friday 10.7.2026"}]},{"@type":"WebSite","@id":"https:\/\/www.kihaus.fi\/en\/#website","url":"https:\/\/www.kihaus.fi\/en\/","name":"Kihaus Folk Festival 2026","description":"R\u00e4\u00e4kkyl\u00e4ss\u00e4 10.\u201311.7.2026","publisher":{"@id":"https:\/\/www.kihaus.fi\/en\/#organization"},"alternateName":"R\u00e4\u00e4kkyl\u00e4 Folk ry","potentialAction":[{"@type":"SearchAction","target":{"@type":"EntryPoint","urlTemplate":"https:\/\/www.kihaus.fi\/en\/?s={search_term_string}"},"query-input":{"@type":"PropertyValueSpecification","valueRequired":true,"valueName":"search_term_string"}}],"inLanguage":"en-US"},{"@type":"Organization","@id":"https:\/\/www.kihaus.fi\/en\/#organization","name":"Kihaus","alternateName":"R\u00e4\u00e4kkyl\u00e4 Folk ry","url":"https:\/\/www.kihaus.fi\/en\/","logo":{"@type":"ImageObject","inLanguage":"en-US","@id":"https:\/\/www.kihaus.fi\/en\/#\/schema\/logo\/image\/","url":"https:\/\/www.kihaus.fi\/wpc\/uploads\/2025\/04\/logo-kihaus-1200px.png","contentUrl":"https:\/\/www.kihaus.fi\/wpc\/uploads\/2025\/04\/logo-kihaus-1200px.png","width":1200,"height":1200,"caption":"Kihaus"},"image":{"@id":"https:\/\/www.kihaus.fi\/en\/#\/schema\/logo\/image\/"},"sameAs":["https:\/\/fi-fi.facebook.com\/KihausFolk\/","https:\/\/www.youtube.com\/@kihausfolk2741#","https:\/\/www.instagram.com\/kihausfolk\/?hl=fi"]}]}},"_links":{"self":[{"href":"https:\/\/www.kihaus.fi\/en\/wp-json\/wp\/v2\/pages\/1923","targetHints":{"allow":["GET"]}}],"collection":[{"href":"https:\/\/www.kihaus.fi\/en\/wp-json\/wp\/v2\/pages"}],"about":[{"href":"https:\/\/www.kihaus.fi\/en\/wp-json\/wp\/v2\/types\/page"}],"author":[{"embeddable":true,"href":"https:\/\/www.kihaus.fi\/en\/wp-json\/wp\/v2\/users\/1"}],"replies":[{"embeddable":true,"href":"https:\/\/www.kihaus.fi\/en\/wp-json\/wp\/v2\/comments?post=1923"}],"version-history":[{"count":0,"href":"https:\/\/www.kihaus.fi\/en\/wp-json\/wp\/v2\/pages\/1923\/revisions"}],"wp:attachment":[{"href":"https:\/\/www.kihaus.fi\/en\/wp-json\/wp\/v2\/media?parent=1923"}],"curies":[{"name":"wp","href":"https:\/\/api.w.org\/{rel}","templated":true}]}}